{"id":303,"date":"2019-05-16T03:46:47","date_gmt":"2019-05-16T03:46:47","guid":{"rendered":"http:\/\/192.168.1.123\/wordpress-work\/edumy\/?page_id=303"},"modified":"2026-01-05T15:54:02","modified_gmt":"2026-01-05T15:54:02","slug":"contact-2","status":"publish","type":"page","link":"https:\/\/the-cornerstoneproperties.com\/fr\/contact-2\/","title":{"rendered":"Contact"},"content":{"rendered":"<div data-elementor-type=\"wp-post\" data-elementor-id=\"303\" class=\"elementor elementor-303\" data-elementor-post-type=\"page\">\n\t\t\t\t\t\t<section class=\"elementor-section elementor-top-section elementor-element elementor-element-6487c21 elementor-section-stretched elementor-section-boxed elementor-section-height-default elementor-section-height-default exad-glass-effect-no wpr-particle-no wpr-jarallax-no wpr-parallax-no wpr-sticky-section-no exad-sticky-section-no\" data-id=\"6487c21\" data-element_type=\"section\" data-e-type=\"section\" data-settings=\"{&quot;stretch_section&quot;:&quot;section-stretched&quot;}\">\n\t\t\t\t\t\t<div class=\"elementor-container elementor-column-gap-extended\">\n\t\t\t\t\t<div class=\"elementor-column elementor-col-50 elementor-top-column elementor-element elementor-element-058ebfe exad-glass-effect-no exad-sticky-section-no\" data-id=\"058ebfe\" data-element_type=\"column\" data-e-type=\"column\">\n\t\t\t<div class=\"elementor-widget-wrap elementor-element-populated\">\n\t\t\t\t\t\t<div class=\"elementor-element elementor-element-03d72a8 exad-sticky-section-no exad-glass-effect-no elementor-widget elementor-widget-heading\" data-id=\"03d72a8\" data-element_type=\"widget\" data-e-type=\"widget\" data-widget_type=\"heading.default\">\n\t\t\t\t<div class=\"elementor-widget-container\">\n\t\t\t\t\t<h2 class=\"elementor-heading-title elementor-size-default\">Si vous avez le temps et l'espace n\u00e9cessaires, n'h\u00e9sitez pas \u00e0 nous contacter pour convenir d'un rendez-vous autour d'un caf\u00e9.<\/h2>\t\t\t\t<\/div>\n\t\t\t\t<\/div>\n\t\t\t\t<div class=\"elementor-element elementor-element-9047803 exad-sticky-section-no exad-glass-effect-no elementor-widget elementor-widget-heading\" data-id=\"9047803\" data-element_type=\"widget\" data-e-type=\"widget\" data-widget_type=\"heading.default\">\n\t\t\t\t<div class=\"elementor-widget-container\">\n\t\t\t\t\t<p class=\"elementor-heading-title elementor-size-default\">Que vous recherchiez un bien immobilier \u00e0 acheter ou \u00e0 louer en Gambie, Cornerstone Properties simplifie votre recherche. Utilisez notre fonctionnalit\u00e9 unique de cartographie g\u00e9olocalis\u00e9e pour trouver la villa, la maison de ville ou l'appartement de vos r\u00eaves, et entrez directement en contact avec les propri\u00e9taires. Laissez-nous vous aider \u00e0 trouver la maison de vos r\u00eaves en quelques instants. Forts d'une grande expertise dans tous les aspects des transactions immobili\u00e8res, nous sommes l\u00e0 pour vous accompagner \u00e0 chaque \u00e9tape. Que vous recherchiez de nouveaux programmes immobiliers, la maison de vos r\u00eaves ou que vous souhaitiez acheter un bien, Cornerstone Properties est votre partenaire de confiance. Contactez-nous pour toute question \u2013 nous sommes l\u00e0 pour vous aider !<\/p>\t\t\t\t<\/div>\n\t\t\t\t<\/div>\n\t\t\t\t<div class=\"elementor-element elementor-element-638c17c exad-sticky-section-no exad-glass-effect-no elementor-widget elementor-widget-text-editor\" data-id=\"638c17c\" data-element_type=\"widget\" data-e-type=\"widget\" data-widget_type=\"text-editor.default\">\n\t\t\t\t<div class=\"elementor-widget-container\">\n\t\t\t\t\t\t\t\t\t<div class=\"apus-list-contact\"><ul class=\"apus-list-contact-address list-unstyled\"><li><strong>Adresse :<\/strong><\/li><li>Kanifing, Bertil Harding highway, Serrekunda, Gambie<\/li><\/ul><ul class=\"apus-list-contact-address list-unstyled\"><li><strong>Contact :<\/strong><\/li><li><a href=\"mailto:cornerstonegambia1@gmail.com\">cornerstonegambia1@gmail.com<\/a><\/li><li><a href=\"tel:+2207554586\">+220 7554586<\/a><\/li><\/ul><\/div>\t\t\t\t\t\t\t\t<\/div>\n\t\t\t\t<\/div>\n\t\t\t\t\t<\/div>\n\t\t<\/div>\n\t\t\t\t<div class=\"elementor-column elementor-col-50 elementor-top-column elementor-element elementor-element-d5dfb02 exad-glass-effect-no exad-sticky-section-no\" data-id=\"d5dfb02\" data-element_type=\"column\" data-e-type=\"column\">\n\t\t\t<div class=\"elementor-widget-wrap elementor-element-populated\">\n\t\t\t\t\t\t<div class=\"elementor-element elementor-element-9e9d82f exad-sticky-section-no exad-glass-effect-no elementor-widget elementor-widget-apus_element_team\" data-id=\"9e9d82f\" data-element_type=\"widget\" data-e-type=\"widget\" data-widget_type=\"apus_element_team.default\">\n\t\t\t\t<div class=\"elementor-widget-container\">\n\t\t\t\t\t        <div class=\"widget-team  horizontal\">\n\n                                    <div class=\"team-image\">\n                        <div class=\"image-wrapper\"><img fetchpriority=\"high\" decoding=\"async\" width=\"1080\" height=\"1080\" src=\"https:\/\/the-cornerstoneproperties.com\/wp-content\/uploads\/2025\/12\/Ya-Sohna-Sonko.png\" class=\"attachment-full size-full\" alt=\"\" srcset=\"https:\/\/the-cornerstoneproperties.com\/wp-content\/uploads\/2025\/12\/Ya-Sohna-Sonko.png 1080w, https:\/\/the-cornerstoneproperties.com\/wp-content\/uploads\/2025\/12\/Ya-Sohna-Sonko-300x300.png 300w, https:\/\/the-cornerstoneproperties.com\/wp-content\/uploads\/2025\/12\/Ya-Sohna-Sonko-1024x1024.png 1024w, https:\/\/the-cornerstoneproperties.com\/wp-content\/uploads\/2025\/12\/Ya-Sohna-Sonko-150x150.png 150w, https:\/\/the-cornerstoneproperties.com\/wp-content\/uploads\/2025\/12\/Ya-Sohna-Sonko-768x768.png 768w, https:\/\/the-cornerstoneproperties.com\/wp-content\/uploads\/2025\/12\/Ya-Sohna-Sonko-650x650.png 650w\" sizes=\"(max-width: 1080px) 100vw, 1080px\" \/><\/div>                    <\/div>\n                                <div class=\"content\">\n                                            <h3 class=\"name-team\">\n                                                            Ya Sohna Sonko                                                    <\/h3>\n                    \n                                            <div class=\"email\">                            \n                            <a href=\"mailto:sokhna@cornerstonegroup.com\" target=\"_top\">sokhna@cornerstonegroup.com<\/a>\n                        <\/div>\n                    \n                                            <div class=\"phone\">                            \n                            <a href=\"tel:+220 7554586\">+220 7554586<\/a>\n                        <\/div>\n                                    <\/div>\n        <\/div>\n        \t\t\t\t<\/div>\n\t\t\t\t<\/div>\n\t\t\t\t<div class=\"elementor-element elementor-element-1ab418e exad-sticky-section-no exad-glass-effect-no elementor-widget elementor-widget-apus_element_team\" data-id=\"1ab418e\" data-element_type=\"widget\" data-e-type=\"widget\" data-widget_type=\"apus_element_team.default\">\n\t\t\t\t<div class=\"elementor-widget-container\">\n\t\t\t\t\t        <div class=\"widget-team  horizontal\">\n\n                                    <div class=\"team-image\">\n                        <div class=\"image-wrapper\"><img decoding=\"async\" width=\"1080\" height=\"1080\" src=\"https:\/\/the-cornerstoneproperties.com\/wp-content\/uploads\/2025\/12\/Mam-Marie-Darboe.png\" class=\"attachment-full size-full\" alt=\"\" srcset=\"https:\/\/the-cornerstoneproperties.com\/wp-content\/uploads\/2025\/12\/Mam-Marie-Darboe.png 1080w, https:\/\/the-cornerstoneproperties.com\/wp-content\/uploads\/2025\/12\/Mam-Marie-Darboe-300x300.png 300w, https:\/\/the-cornerstoneproperties.com\/wp-content\/uploads\/2025\/12\/Mam-Marie-Darboe-1024x1024.png 1024w, https:\/\/the-cornerstoneproperties.com\/wp-content\/uploads\/2025\/12\/Mam-Marie-Darboe-150x150.png 150w, https:\/\/the-cornerstoneproperties.com\/wp-content\/uploads\/2025\/12\/Mam-Marie-Darboe-768x768.png 768w, https:\/\/the-cornerstoneproperties.com\/wp-content\/uploads\/2025\/12\/Mam-Marie-Darboe-650x650.png 650w\" sizes=\"(max-width: 1080px) 100vw, 1080px\" \/><\/div>                    <\/div>\n                                <div class=\"content\">\n                                            <h3 class=\"name-team\">\n                                                            Mam Marie Darboe                                                    <\/h3>\n                    \n                                            <div class=\"email\">                            \n                            <a href=\"mailto:sokhna@cornerstonegroup.com\" target=\"_top\">sokhna@cornerstonegroup.com<\/a>\n                        <\/div>\n                    \n                                            <div class=\"phone\">                            \n                            <a href=\"tel:+220 7554586\">+220 7554586<\/a>\n                        <\/div>\n                                    <\/div>\n        <\/div>\n        \t\t\t\t<\/div>\n\t\t\t\t<\/div>\n\t\t\t\t<div class=\"elementor-element elementor-element-57e691f exad-sticky-section-no exad-glass-effect-no elementor-widget elementor-widget-apus_element_team\" data-id=\"57e691f\" data-element_type=\"widget\" data-e-type=\"widget\" data-widget_type=\"apus_element_team.default\">\n\t\t\t\t<div class=\"elementor-widget-container\">\n\t\t\t\t\t        <div class=\"widget-team  horizontal\">\n\n                                    <div class=\"team-image\">\n                        <div class=\"image-wrapper\"><img decoding=\"async\" width=\"1080\" height=\"1080\" src=\"https:\/\/the-cornerstoneproperties.com\/wp-content\/uploads\/2025\/12\/Sainabou-Njie.png\" class=\"attachment-full size-full\" alt=\"\" srcset=\"https:\/\/the-cornerstoneproperties.com\/wp-content\/uploads\/2025\/12\/Sainabou-Njie.png 1080w, https:\/\/the-cornerstoneproperties.com\/wp-content\/uploads\/2025\/12\/Sainabou-Njie-300x300.png 300w, https:\/\/the-cornerstoneproperties.com\/wp-content\/uploads\/2025\/12\/Sainabou-Njie-1024x1024.png 1024w, https:\/\/the-cornerstoneproperties.com\/wp-content\/uploads\/2025\/12\/Sainabou-Njie-150x150.png 150w, https:\/\/the-cornerstoneproperties.com\/wp-content\/uploads\/2025\/12\/Sainabou-Njie-768x768.png 768w, https:\/\/the-cornerstoneproperties.com\/wp-content\/uploads\/2025\/12\/Sainabou-Njie-650x650.png 650w\" sizes=\"(max-width: 1080px) 100vw, 1080px\" \/><\/div>                    <\/div>\n                                <div class=\"content\">\n                                            <h3 class=\"name-team\">\n                                                            Sainabou Njie                                                    <\/h3>\n                    \n                                            <div class=\"email\">                            \n                            <a href=\"mailto:sokhna@cornerstonegroup.com\" target=\"_top\">sokhna@cornerstonegroup.com<\/a>\n                        <\/div>\n                    \n                                            <div class=\"phone\">                            \n                            <a href=\"tel:+220 7554586\">+220 7554586<\/a>\n                        <\/div>\n                                    <\/div>\n        <\/div>\n        \t\t\t\t<\/div>\n\t\t\t\t<\/div>\n\t\t\t\t\t<\/div>\n\t\t<\/div>\n\t\t\t\t\t<\/div>\n\t\t<\/section>\n\t\t\t\t<section class=\"elementor-section elementor-top-section elementor-element elementor-element-f67917f elementor-section-stretched elementor-section-boxed elementor-section-height-default elementor-section-height-default exad-glass-effect-no wpr-particle-no wpr-jarallax-no wpr-parallax-no wpr-sticky-section-no exad-sticky-section-no\" data-id=\"f67917f\" data-element_type=\"section\" data-e-type=\"section\" data-settings=\"{&quot;stretch_section&quot;:&quot;section-stretched&quot;,&quot;background_background&quot;:&quot;classic&quot;}\">\n\t\t\t\t\t\t<div class=\"elementor-container elementor-column-gap-custom\">\n\t\t\t\t\t<div class=\"elementor-column elementor-col-50 elementor-top-column elementor-element elementor-element-7ccb06b exad-glass-effect-no exad-sticky-section-no\" data-id=\"7ccb06b\" data-element_type=\"column\" data-e-type=\"column\">\n\t\t\t<div class=\"elementor-widget-wrap elementor-element-populated\">\n\t\t\t\t\t\t<div class=\"elementor-element elementor-element-98b0262 exad-sticky-section-no exad-glass-effect-no elementor-widget elementor-widget-google_maps\" data-id=\"98b0262\" data-element_type=\"widget\" data-e-type=\"widget\" data-widget_type=\"google_maps.default\">\n\t\t\t\t<div class=\"elementor-widget-container\">\n\t\t\t\t\t\t\t<div class=\"elementor-custom-embed\">\n\t\t\t<iframe loading=\"lazy\"\n\t\t\t\t\tsrc=\"https:\/\/maps.google.com\/maps?q=Kanifing%2C%20Bertil%20Harding%20highway%2C%20Serrekunda%2C%20Gambie&#038;t=m&#038;z=12&#038;output=embed&#038;iwloc=near\"\n\t\t\t\t\ttitle=\"Kanifing, Bertil Harding highway, Serrekunda, Gambie\"\n\t\t\t\t\taria-label=\"Kanifing, Bertil Harding highway, Serrekunda, Gambie\"\n\t\t\t><\/iframe>\n\t\t<\/div>\n\t\t\t\t\t\t<\/div>\n\t\t\t\t<\/div>\n\t\t\t\t\t<\/div>\n\t\t<\/div>\n\t\t\t\t<div class=\"elementor-column elementor-col-50 elementor-top-column elementor-element elementor-element-cfcc4a2 apus-map-form exad-glass-effect-no exad-sticky-section-no\" data-id=\"cfcc4a2\" data-element_type=\"column\" data-e-type=\"column\">\n\t\t\t<div class=\"elementor-widget-wrap elementor-element-populated\">\n\t\t\t\t\t\t<div class=\"elementor-element elementor-element-3242e41 exad-sticky-section-no exad-glass-effect-no elementor-widget elementor-widget-heading\" data-id=\"3242e41\" data-element_type=\"widget\" data-e-type=\"widget\" data-widget_type=\"heading.default\">\n\t\t\t\t<div class=\"elementor-widget-container\">\n\t\t\t\t\t<h2 class=\"elementor-heading-title elementor-size-default\">Contactez-nous<\/h2>\t\t\t\t<\/div>\n\t\t\t\t<\/div>\n\t\t\t\t<div class=\"elementor-element elementor-element-27497d9 exad-sticky-section-no exad-glass-effect-no elementor-widget elementor-widget-heading\" data-id=\"27497d9\" data-element_type=\"widget\" data-e-type=\"widget\" data-widget_type=\"heading.default\">\n\t\t\t\t<div class=\"elementor-widget-container\">\n\t\t\t\t\t<p class=\"elementor-heading-title elementor-size-default\">Que vous recherchiez un bien immobilier \u00e0 acheter ou \u00e0 louer en Gambie, Cornerstone Properties vous facilite la t\u00e2che.<\/p>\t\t\t\t<\/div>\n\t\t\t\t<\/div>\n\t\t\t\t<div class=\"elementor-element elementor-element-580da33 exad-sticky-section-no exad-glass-effect-no elementor-widget elementor-widget-text-editor\" data-id=\"580da33\" data-element_type=\"widget\" data-e-type=\"widget\" data-widget_type=\"text-editor.default\">\n\t\t\t\t<div class=\"elementor-widget-container\">\n\t\t\t\t\t\t\t\t\t\n<div class=\"wpcf7 no-js\" id=\"wpcf7-f2454-o1\" lang=\"en-US\" dir=\"ltr\" data-wpcf7-id=\"2454\">\n<div class=\"screen-reader-response\"><p role=\"status\" aria-live=\"polite\" aria-atomic=\"true\"><\/p> <ul><\/ul><\/div>\n<form action=\"\/fr\/wp-json\/wp\/v2\/pages\/303#wpcf7-f2454-o1\" method=\"post\" class=\"wpcf7-form init\" aria-label=\"Contact form\" novalidate=\"novalidate\" data-status=\"init\" data-trp-original-action=\"\/fr\/wp-json\/wp\/v2\/pages\/303#wpcf7-f2454-o1\">\n<fieldset class=\"hidden-fields-container\"><input type=\"hidden\" name=\"_wpcf7\" value=\"2454\" \/><input type=\"hidden\" name=\"_wpcf7_version\" value=\"6.1.5\" \/><input type=\"hidden\" name=\"_wpcf7_locale\" value=\"en_US\" \/><input type=\"hidden\" name=\"_wpcf7_unit_tag\" value=\"wpcf7-f2454-o1\" \/><input type=\"hidden\" name=\"_wpcf7_container_post\" value=\"0\" \/><input type=\"hidden\" name=\"_wpcf7_posted_data_hash\" value=\"\" \/>\n<\/fieldset>\n<div class=\"pcf7-form-contact page-form-contact row\">\n    <div class=\"col-md-6 col-sm-12 col-xs-12\">\n        <span class=\"wpcf7-form-control-wrap\" data-name=\"your-name\"><input size=\"40\" maxlength=\"400\" class=\"wpcf7-form-control wpcf7-text wpcf7-validates-as-required form-control\" id=\"your-name\" aria-required=\"true\" aria-invalid=\"false\" placeholder=\"Nom Complet\" value=\"\" type=\"text\" name=\"your-name\" \/><\/span>\n    <\/div>\n    <div class=\"col-md-6 col-sm-12 col-xs-12\">\n        <span class=\"wpcf7-form-control-wrap\" data-name=\"your-email\"><input size=\"40\" maxlength=\"400\" class=\"wpcf7-form-control wpcf7-email wpcf7-validates-as-required wpcf7-text wpcf7-validates-as-email form-control\" id=\"your-email\" aria-required=\"true\" aria-invalid=\"false\" placeholder=\"Email\" value=\"\" type=\"email\" name=\"your-email\" \/><\/span>\n    <\/div>\n    <div class=\"col-md-6 col-sm-12 col-xs-12\">\n        <span class=\"wpcf7-form-control-wrap\" data-name=\"text-17\"><input size=\"40\" maxlength=\"400\" class=\"wpcf7-form-control wpcf7-text form-control\" id=\"your-phone\" aria-invalid=\"false\" placeholder=\"T\u00e9l\u00e9phone\" value=\"\" type=\"text\" name=\"text-17\" \/><\/span>\n    <\/div>\n    <div class=\"col-md-6 col-sm-12 col-xs-12\">\n        <span class=\"wpcf7-form-control-wrap\" data-name=\"your-subject\"><input size=\"40\" maxlength=\"400\" class=\"wpcf7-form-control wpcf7-text form-control\" id=\"your-subject\" aria-invalid=\"false\" placeholder=\"Objet\" value=\"\" type=\"text\" name=\"your-subject\" \/><\/span>\n    <\/div>\n    <div class=\"col-md-12 col-sm-12 col-xs-12\">\n        <span class=\"wpcf7-form-control-wrap\" data-name=\"your-message\"><textarea cols=\"40\" rows=\"10\" maxlength=\"2000\" class=\"wpcf7-form-control wpcf7-textarea form-control\" id=\"your-message\" aria-invalid=\"false\" placeholder=\"Votre message\" name=\"your-message\"><\/textarea><\/span>\n    <\/div>\n    <div class=\"col-md-12 col-sm-12 col-xs-12\">\n        <input class=\"wpcf7-form-control wpcf7-submit has-spinner btn btn-outline\" type=\"submit\" value=\"Envoyer le message\" \/>\n    <\/div>    \n<\/div><div class=\"wpcf7-response-output\" aria-hidden=\"true\"><\/div>\n<input type=\"hidden\" name=\"trp-form-language\" value=\"fr\"\/><\/form>\n<\/div>\n\t\t\t\t\t\t\t\t<\/div>\n\t\t\t\t<\/div>\n\t\t\t\t\t<\/div>\n\t\t<\/div>\n\t\t\t\t\t<\/div>\n\t\t<\/section>\n\t\t\t\t<\/div>","protected":false},"excerpt":{"rendered":"<p>If you\u2019ve got the space or time. Please contact us to schedule a cup of coffee. Whether you\u2019re searching for properties to buy or rent in the Gambia, Cornerstone Properties simplifies your search process. Utilize our unique geolocation mapping feature to discover your ideal villa, townhouse, or apartment, and connect directly with property owners. Let us assist you in finding your dream home within moments. With a wealth of knowledge in all aspects of real estate transactions, we\u2019re here to support you every step of the way. Whether you\u2019re exploring new developments, seeking your dream home, or buying a property, Cornerstone Properties is your trusted partner. Contact us with any inquiries \u2013 we\u2019re here to help! Address : Kanifing, Bertil Harding highway, Serrekunda, Gambie Contact : cornerstonegambia1@gmail.com +220 7554586 Ya Sohna Sonko sokhna@cornerstonegroup.com +220 7554586 Mam Marie Darboe sokhna@cornerstonegroup.com +220 7554586 Sainabou Njie sokhna@cornerstonegroup.com +220 7554586 Contact Us Whether you\u2019re searching for properties to buy or rent in the Gambia, Cornerstone Properties simplifies your search process.<\/p>","protected":false},"author":1,"featured_media":0,"parent":0,"menu_order":0,"comment_status":"closed","ping_status":"closed","template":"","meta":{"_eb_attr":"","footnotes":""},"class_list":["post-303","page","type-page","status-publish","hentry"],"_links":{"self":[{"href":"https:\/\/the-cornerstoneproperties.com\/fr\/wp-json\/wp\/v2\/pages\/303","targetHints":{"allow":["GET"]}}],"collection":[{"href":"https:\/\/the-cornerstoneproperties.com\/fr\/wp-json\/wp\/v2\/pages"}],"about":[{"href":"https:\/\/the-cornerstoneproperties.com\/fr\/wp-json\/wp\/v2\/types\/page"}],"author":[{"embeddable":true,"href":"https:\/\/the-cornerstoneproperties.com\/fr\/wp-json\/wp\/v2\/users\/1"}],"replies":[{"embeddable":true,"href":"https:\/\/the-cornerstoneproperties.com\/fr\/wp-json\/wp\/v2\/comments?post=303"}],"version-history":[{"count":199,"href":"https:\/\/the-cornerstoneproperties.com\/fr\/wp-json\/wp\/v2\/pages\/303\/revisions"}],"predecessor-version":[{"id":8283,"href":"https:\/\/the-cornerstoneproperties.com\/fr\/wp-json\/wp\/v2\/pages\/303\/revisions\/8283"}],"wp:attachment":[{"href":"https:\/\/the-cornerstoneproperties.com\/fr\/wp-json\/wp\/v2\/media?parent=303"}],"curies":[{"name":"wp","href":"https:\/\/api.w.org\/{rel}","templated":true}]}}