{"id":8089,"date":"2025-12-22T15:02:21","date_gmt":"2025-12-22T15:02:21","guid":{"rendered":"https:\/\/the-cornerstoneproperties.com\/?page_id=8089"},"modified":"2025-12-22T15:05:08","modified_gmt":"2025-12-22T15:05:08","slug":"properties","status":"publish","type":"page","link":"https:\/\/the-cornerstoneproperties.com\/fr\/properties\/","title":{"rendered":"Propri\u00e9t\u00e9s"},"content":{"rendered":"<div data-elementor-type=\"wp-post\" data-elementor-id=\"8089\" class=\"elementor elementor-8089\" data-elementor-post-type=\"page\">\n\t\t\t\t\t\t<section class=\"elementor-section elementor-top-section elementor-element elementor-element-bb964fd elementor-section-boxed elementor-section-height-default elementor-section-height-default exad-glass-effect-no wpr-particle-no wpr-jarallax-no wpr-parallax-no wpr-sticky-section-no exad-sticky-section-no\" data-id=\"bb964fd\" data-element_type=\"section\" data-e-type=\"section\">\n\t\t\t\t\t\t<div class=\"elementor-container elementor-column-gap-default\">\n\t\t\t\t\t<div class=\"elementor-column elementor-col-100 elementor-top-column elementor-element elementor-element-72f596a3 exad-glass-effect-no exad-sticky-section-no\" data-id=\"72f596a3\" data-element_type=\"column\" data-e-type=\"column\">\n\t\t\t<div class=\"elementor-widget-wrap elementor-element-populated\">\n\t\t\t\t\t\t<div class=\"elementor-element elementor-element-525b9f79 apus-heading-property exad-sticky-section-no exad-glass-effect-no elementor-widget elementor-widget-heading\" data-id=\"525b9f79\" data-element_type=\"widget\" data-e-type=\"widget\" data-widget_type=\"heading.default\">\n\t\t\t\t<div class=\"elementor-widget-container\">\n\t\t\t\t\t<h2 class=\"elementor-heading-title elementor-size-default\">Propri\u00e9t\u00e9s privil\u00e9gi\u00e9es et offres actuelles<\/h2>\t\t\t\t<\/div>\n\t\t\t\t<\/div>\n\t\t\t\t\t<\/div>\n\t\t<\/div>\n\t\t\t\t\t<\/div>\n\t\t<\/section>\n\t\t\t\t<section class=\"elementor-section elementor-top-section elementor-element elementor-element-8df0fbb elementor-section-boxed elementor-section-height-default elementor-section-height-default exad-glass-effect-no wpr-particle-no wpr-jarallax-no wpr-parallax-no wpr-sticky-section-no exad-sticky-section-no\" data-id=\"8df0fbb\" data-element_type=\"section\" data-e-type=\"section\">\n\t\t\t\t\t\t<div class=\"elementor-container elementor-column-gap-default\">\n\t\t\t\t\t<div class=\"elementor-column elementor-col-33 elementor-top-column elementor-element elementor-element-40224357 exad-glass-effect-no exad-sticky-section-no\" data-id=\"40224357\" data-element_type=\"column\" data-e-type=\"column\">\n\t\t\t<div class=\"elementor-widget-wrap elementor-element-populated\">\n\t\t\t\t\t\t<div class=\"elementor-element elementor-element-46a09d2e exad-sticky-section-no exad-glass-effect-no elementor-widget elementor-widget-exad-exclusive-card\" data-id=\"46a09d2e\" data-element_type=\"widget\" data-e-type=\"widget\" data-widget_type=\"exad-exclusive-card.default\">\n\t\t\t\t<div class=\"elementor-widget-container\">\n\t\t\t\t\t\r\n\t\t<div class=\"exad-card left default yes\">\r\n\t\t\t\t        \t<div class=\"exad-card-thumb\">\r\n\t\t\t\t\t<img fetchpriority=\"high\" decoding=\"async\" width=\"736\" height=\"681\" src=\"https:\/\/the-cornerstoneproperties.com\/wp-content\/uploads\/2025\/12\/APP_5-1.png\" class=\"attachment-full size-full wp-image-8090\" alt=\"\" srcset=\"https:\/\/the-cornerstoneproperties.com\/wp-content\/uploads\/2025\/12\/APP_5-1.png 736w, https:\/\/the-cornerstoneproperties.com\/wp-content\/uploads\/2025\/12\/APP_5-1-300x278.png 300w\" sizes=\"(max-width: 736px) 100vw, 736px\" \/>\t\t\t\t<\/div>\r\n\t\t\t\r\n          \t<div class=\"exad-card-body\">\r\n\t\t\t  \t\t          \t\t<a class=\"exad-card-title\">\r\n\t            \t\t<span>Kololi Sable \t\t\t\t\t\t<\/span>\r\n\t        \t\t<\/a>\r\n\t\t\t\t\t<p class=\"exad-card-tag\">Appartement 2 chambres<br>Emplacement : S\u00e9n\u00e9gambie<\/p>\t\t\t\t\t<a class=\"exad-card-action\" href=\"https:\/\/the-cornerstoneproperties.com\/fr\/apartment\/kololi-sands\/\">\r\n\t\t\t\t\t\t\r\n\t\t\t\t\t\t<span>\r\n\t\t\t\t\t\t\tD\u00e9tails\t\t\t\t\t\t<\/span>\r\n\r\n\t\t\t\t\t\t\t            \t<\/a>\r\n\t\t\t\t          \t<\/div>\r\n        <\/div>\r\n\t\t\t\t\t<\/div>\n\t\t\t\t<\/div>\n\t\t\t\t\t<\/div>\n\t\t<\/div>\n\t\t\t\t<div class=\"elementor-column elementor-col-33 elementor-top-column elementor-element elementor-element-6fcdff63 exad-glass-effect-no exad-sticky-section-no\" data-id=\"6fcdff63\" data-element_type=\"column\" data-e-type=\"column\">\n\t\t\t<div class=\"elementor-widget-wrap elementor-element-populated\">\n\t\t\t\t\t\t<div class=\"elementor-element elementor-element-61e6b420 exad-sticky-section-no exad-glass-effect-no elementor-widget elementor-widget-exad-exclusive-card\" data-id=\"61e6b420\" data-element_type=\"widget\" data-e-type=\"widget\" data-widget_type=\"exad-exclusive-card.default\">\n\t\t\t\t<div class=\"elementor-widget-container\">\n\t\t\t\t\t\r\n\t\t<div class=\"exad-card left default yes\">\r\n\t\t\t\t        \t<div class=\"exad-card-thumb\">\r\n\t\t\t\t\t<img decoding=\"async\" width=\"736\" height=\"681\" src=\"https:\/\/the-cornerstoneproperties.com\/wp-content\/uploads\/2025\/12\/APP_4-1.png\" class=\"attachment-full size-full wp-image-8091\" alt=\"\" srcset=\"https:\/\/the-cornerstoneproperties.com\/wp-content\/uploads\/2025\/12\/APP_4-1.png 736w, https:\/\/the-cornerstoneproperties.com\/wp-content\/uploads\/2025\/12\/APP_4-1-300x278.png 300w\" sizes=\"(max-width: 736px) 100vw, 736px\" \/>\t\t\t\t<\/div>\r\n\t\t\t\r\n          \t<div class=\"exad-card-body\">\r\n\t\t\t  \t\t          \t\t<a class=\"exad-card-title\">\r\n\t            \t\t<span>Bakau Cap Point\t\t\t\t\t\t<\/span>\r\n\t        \t\t<\/a>\r\n\t\t\t\t\t<p class=\"exad-card-tag\">Appartements avec 3 chambres et salle de bain attenante<br>Emplacement : Cape Point, Bakau<\/p>\t\t\t\t\t<a class=\"exad-card-action\" href=\"https:\/\/the-cornerstoneproperties.com\/fr\/apartment\/bakau-cape-point\/\">\r\n\t\t\t\t\t\t\r\n\t\t\t\t\t\t<span>\r\n\t\t\t\t\t\t\tD\u00e9tails\t\t\t\t\t\t<\/span>\r\n\r\n\t\t\t\t\t\t\t            \t<\/a>\r\n\t\t\t\t          \t<\/div>\r\n        <\/div>\r\n\t\t\t\t\t<\/div>\n\t\t\t\t<\/div>\n\t\t\t\t\t<\/div>\n\t\t<\/div>\n\t\t\t\t<div class=\"elementor-column elementor-col-33 elementor-top-column elementor-element elementor-element-1c74f486 exad-glass-effect-no exad-sticky-section-no\" data-id=\"1c74f486\" data-element_type=\"column\" data-e-type=\"column\">\n\t\t\t<div class=\"elementor-widget-wrap elementor-element-populated\">\n\t\t\t\t\t\t<div class=\"elementor-element elementor-element-372f2c13 exad-sticky-section-no exad-glass-effect-no elementor-widget elementor-widget-exad-exclusive-card\" data-id=\"372f2c13\" data-element_type=\"widget\" data-e-type=\"widget\" data-widget_type=\"exad-exclusive-card.default\">\n\t\t\t\t<div class=\"elementor-widget-container\">\n\t\t\t\t\t\r\n\t\t<div class=\"exad-card left default yes\">\r\n\t\t\t\t        \t<div class=\"exad-card-thumb\">\r\n\t\t\t\t\t<img decoding=\"async\" width=\"736\" height=\"681\" src=\"https:\/\/the-cornerstoneproperties.com\/wp-content\/uploads\/2025\/12\/APP_3-1.png\" class=\"attachment-full size-full wp-image-8092\" alt=\"\" srcset=\"https:\/\/the-cornerstoneproperties.com\/wp-content\/uploads\/2025\/12\/APP_3-1.png 736w, https:\/\/the-cornerstoneproperties.com\/wp-content\/uploads\/2025\/12\/APP_3-1-300x278.png 300w\" sizes=\"(max-width: 736px) 100vw, 736px\" \/>\t\t\t\t<\/div>\r\n\t\t\t\r\n          \t<div class=\"exad-card-body\">\r\n\t\t\t  \t\t          \t\t<a class=\"exad-card-title\">\r\n\t            \t\t<span>D\u00e9tente au bord de l'eau\t\t\t\t\t\t<\/span>\r\n\t        \t\t<\/a>\r\n\t\t\t\t\t<p class=\"exad-card-tag\">Appartement 3 chambres avec salle de bain attenante<br>Emplacement : Bijilo<\/p>\t\t\t\t\t<a class=\"exad-card-action\" href=\"https:\/\/the-cornerstoneproperties.com\/fr\/apartment\/relax-waterfront\/\">\r\n\t\t\t\t\t\t\r\n\t\t\t\t\t\t<span>\r\n\t\t\t\t\t\t\tD\u00e9tails\t\t\t\t\t\t<\/span>\r\n\r\n\t\t\t\t\t\t\t            \t<\/a>\r\n\t\t\t\t          \t<\/div>\r\n        <\/div>\r\n\t\t\t\t\t<\/div>\n\t\t\t\t<\/div>\n\t\t\t\t\t<\/div>\n\t\t<\/div>\n\t\t\t\t\t<\/div>\n\t\t<\/section>\n\t\t\t\t<section class=\"elementor-section elementor-top-section elementor-element elementor-element-939bf95 elementor-section-boxed elementor-section-height-default elementor-section-height-default exad-glass-effect-no wpr-particle-no wpr-jarallax-no wpr-parallax-no wpr-sticky-section-no exad-sticky-section-no\" data-id=\"939bf95\" data-element_type=\"section\" data-e-type=\"section\">\n\t\t\t\t\t\t<div class=\"elementor-container elementor-column-gap-default\">\n\t\t\t\t\t<div class=\"elementor-column elementor-col-33 elementor-top-column elementor-element elementor-element-34fb7ab7 exad-glass-effect-no exad-sticky-section-no\" data-id=\"34fb7ab7\" data-element_type=\"column\" data-e-type=\"column\">\n\t\t\t<div class=\"elementor-widget-wrap elementor-element-populated\">\n\t\t\t\t\t\t<div class=\"elementor-element elementor-element-6db78cc exad-sticky-section-no exad-glass-effect-no elementor-widget elementor-widget-exad-exclusive-card\" data-id=\"6db78cc\" data-element_type=\"widget\" data-e-type=\"widget\" data-widget_type=\"exad-exclusive-card.default\">\n\t\t\t\t<div class=\"elementor-widget-container\">\n\t\t\t\t\t\r\n\t\t<div class=\"exad-card left default yes\">\r\n\t\t\t\t        \t<div class=\"exad-card-thumb\">\r\n\t\t\t\t\t<img loading=\"lazy\" decoding=\"async\" width=\"736\" height=\"681\" src=\"https:\/\/the-cornerstoneproperties.com\/wp-content\/uploads\/2025\/12\/APP_2-1.png\" class=\"attachment-full size-full wp-image-8093\" alt=\"\" srcset=\"https:\/\/the-cornerstoneproperties.com\/wp-content\/uploads\/2025\/12\/APP_2-1.png 736w, https:\/\/the-cornerstoneproperties.com\/wp-content\/uploads\/2025\/12\/APP_2-1-300x278.png 300w\" sizes=\"(max-width: 736px) 100vw, 736px\" \/>\t\t\t\t<\/div>\r\n\t\t\t\r\n          \t<div class=\"exad-card-body\">\r\n\t\t\t  \t\t          \t\t<a class=\"exad-card-title\">\r\n\t            \t\t<span>Appartement d'\u00e9tudiant de Samba \t\t\t\t\t\t<\/span>\r\n\t        \t\t<\/a>\r\n\t\t\t\t\t<p class=\"exad-card-tag\">Chambre d'h\u00f4tes disponible<br>Emplacement : Palma Rima, Kololi<\/p>\t\t\t\t\t<a class=\"exad-card-action\" href=\"https:\/\/the-cornerstoneproperties.com\/fr\/apartment\/sambas-studio-apartment\/\">\r\n\t\t\t\t\t\t\r\n\t\t\t\t\t\t<span>\r\n\t\t\t\t\t\t\tD\u00e9tails\t\t\t\t\t\t<\/span>\r\n\r\n\t\t\t\t\t\t\t            \t<\/a>\r\n\t\t\t\t          \t<\/div>\r\n        <\/div>\r\n\t\t\t\t\t<\/div>\n\t\t\t\t<\/div>\n\t\t\t\t\t<\/div>\n\t\t<\/div>\n\t\t\t\t<div class=\"elementor-column elementor-col-33 elementor-top-column elementor-element elementor-element-4e2ee1df exad-glass-effect-no exad-sticky-section-no\" data-id=\"4e2ee1df\" data-element_type=\"column\" data-e-type=\"column\">\n\t\t\t<div class=\"elementor-widget-wrap elementor-element-populated\">\n\t\t\t\t\t\t<div class=\"elementor-element elementor-element-122af5cf exad-sticky-section-no exad-glass-effect-no elementor-widget elementor-widget-exad-exclusive-card\" data-id=\"122af5cf\" data-element_type=\"widget\" data-e-type=\"widget\" data-widget_type=\"exad-exclusive-card.default\">\n\t\t\t\t<div class=\"elementor-widget-container\">\n\t\t\t\t\t\r\n\t\t<div class=\"exad-card left default yes\">\r\n\t\t\t\t        \t<div class=\"exad-card-thumb\">\r\n\t\t\t\t\t<img loading=\"lazy\" decoding=\"async\" width=\"736\" height=\"681\" src=\"https:\/\/the-cornerstoneproperties.com\/wp-content\/uploads\/2025\/12\/APP_1-1.jpg\" class=\"attachment-full size-full wp-image-8094\" alt=\"\" srcset=\"https:\/\/the-cornerstoneproperties.com\/wp-content\/uploads\/2025\/12\/APP_1-1.jpg 736w, https:\/\/the-cornerstoneproperties.com\/wp-content\/uploads\/2025\/12\/APP_1-1-300x278.jpg 300w\" sizes=\"(max-width: 736px) 100vw, 736px\" \/>\t\t\t\t<\/div>\r\n\t\t\t\r\n          \t<div class=\"exad-card-body\">\r\n\t\t\t  \t\t          \t\t<a class=\"exad-card-title\">\r\n\t            \t\t<span>Appartement Signature \t\t\t\t\t\t<\/span>\r\n\t        \t\t<\/a>\r\n\t\t\t\t\t<p class=\"exad-card-tag\">Appartement moderne de 3 chambres<br>Emplacement : Bijilo<\/p>\t\t\t\t\t<a class=\"exad-card-action\" href=\"https:\/\/the-cornerstoneproperties.com\/fr\/apartment\/signature-apartment\/\">\r\n\t\t\t\t\t\t\r\n\t\t\t\t\t\t<span>\r\n\t\t\t\t\t\t\tD\u00e9tails\t\t\t\t\t\t<\/span>\r\n\r\n\t\t\t\t\t\t\t            \t<\/a>\r\n\t\t\t\t          \t<\/div>\r\n        <\/div>\r\n\t\t\t\t\t<\/div>\n\t\t\t\t<\/div>\n\t\t\t\t\t<\/div>\n\t\t<\/div>\n\t\t\t\t<div class=\"elementor-column elementor-col-33 elementor-top-column elementor-element elementor-element-59395e6b exad-glass-effect-no exad-sticky-section-no\" data-id=\"59395e6b\" data-element_type=\"column\" data-e-type=\"column\">\n\t\t\t<div class=\"elementor-widget-wrap elementor-element-populated\">\n\t\t\t\t\t\t<div class=\"elementor-element elementor-element-6e5dac63 exad-sticky-section-no exad-glass-effect-no elementor-widget elementor-widget-exad-exclusive-card\" data-id=\"6e5dac63\" data-element_type=\"widget\" data-e-type=\"widget\" data-widget_type=\"exad-exclusive-card.default\">\n\t\t\t\t<div class=\"elementor-widget-container\">\n\t\t\t\t\t\r\n\t\t<div class=\"exad-card left default yes\">\r\n\t\t\t\t        \t<div class=\"exad-card-thumb\">\r\n\t\t\t\t\t<img decoding=\"async\" width=\"736\" height=\"681\" src=\"https:\/\/the-cornerstoneproperties.com\/wp-content\/uploads\/2025\/12\/APP_4-1.png\" class=\"attachment-full size-full wp-image-8091\" alt=\"\" srcset=\"https:\/\/the-cornerstoneproperties.com\/wp-content\/uploads\/2025\/12\/APP_4-1.png 736w, https:\/\/the-cornerstoneproperties.com\/wp-content\/uploads\/2025\/12\/APP_4-1-300x278.png 300w\" sizes=\"(max-width: 736px) 100vw, 736px\" \/>\t\t\t\t<\/div>\r\n\t\t\t\t\t\t\t<div class=\"exad-card-badge\">\r\n\t\t\t\t\tUpcoming Project\t\t\t\t<\/div>\r\n\t\t\t\t\r\n          \t<div class=\"exad-card-body\">\r\n\t\t\t  \t\t          \t\t<a class=\"exad-card-title\">\r\n\t            \t\t<span>Appartement Bijilo Heights\t\t\t\t\t\t<\/span>\r\n\t        \t\t<\/a>\r\n\t\t\t\t\t<p class=\"exad-card-tag\">Les appartements sont d\u00e9crits comme un emplacement de r\u00eave pour un style de vie en bord de mer<\/p>\t\t\t\t\t<a class=\"exad-card-action\" href=\"https:\/\/the-cornerstoneproperties.com\/fr\/apartment\/bijilo-heights-apartments\/\">\r\n\t\t\t\t\t\t\r\n\t\t\t\t\t\t<span>\r\n\t\t\t\t\t\t\tD\u00e9tails\t\t\t\t\t\t<\/span>\r\n\r\n\t\t\t\t\t\t\t            \t<\/a>\r\n\t\t\t\t          \t<\/div>\r\n        <\/div>\r\n\t\t\t\t\t<\/div>\n\t\t\t\t<\/div>\n\t\t\t\t\t<\/div>\n\t\t<\/div>\n\t\t\t\t\t<\/div>\n\t\t<\/section>\n\t\t\t\t<\/div>","protected":false},"excerpt":{"rendered":"<p>Premium Properties &amp; Current Offerings Kololi Sands 2-Bedroom ApartmentLocation: Senegambia Details Bakau Cape Point 3-Bedroom Ensuite ApartmentsLocation: Cape Point, Bakau Details Relax Waterfront 3-Bedroom Ensuite ApartmentLocation: Bijilo Details Samba\u2019s Studio Apartment Bed &amp; Breakfast AvailableLocation: Palma Rima, Kololi Details Signature Apartment 3-Bedroom Modern ApartmentLocation: Bijilo Details Upcoming Project Bijilo Heights Apartment The Apartments are described as a dream beachfront lifestyle location Details<\/p>","protected":false},"author":19,"featured_media":0,"parent":0,"menu_order":0,"comment_status":"closed","ping_status":"closed","template":"","meta":{"_eb_attr":"","footnotes":""},"class_list":["post-8089","page","type-page","status-publish","hentry"],"_links":{"self":[{"href":"https:\/\/the-cornerstoneproperties.com\/fr\/wp-json\/wp\/v2\/pages\/8089","targetHints":{"allow":["GET"]}}],"collection":[{"href":"https:\/\/the-cornerstoneproperties.com\/fr\/wp-json\/wp\/v2\/pages"}],"about":[{"href":"https:\/\/the-cornerstoneproperties.com\/fr\/wp-json\/wp\/v2\/types\/page"}],"author":[{"embeddable":true,"href":"https:\/\/the-cornerstoneproperties.com\/fr\/wp-json\/wp\/v2\/users\/19"}],"replies":[{"embeddable":true,"href":"https:\/\/the-cornerstoneproperties.com\/fr\/wp-json\/wp\/v2\/comments?post=8089"}],"version-history":[{"count":3,"href":"https:\/\/the-cornerstoneproperties.com\/fr\/wp-json\/wp\/v2\/pages\/8089\/revisions"}],"predecessor-version":[{"id":8097,"href":"https:\/\/the-cornerstoneproperties.com\/fr\/wp-json\/wp\/v2\/pages\/8089\/revisions\/8097"}],"wp:attachment":[{"href":"https:\/\/the-cornerstoneproperties.com\/fr\/wp-json\/wp\/v2\/media?parent=8089"}],"curies":[{"name":"wp","href":"https:\/\/api.w.org\/{rel}","templated":true}]}}