{"id":8143,"date":"2025-12-23T11:48:22","date_gmt":"2025-12-23T11:48:22","guid":{"rendered":"https:\/\/the-cornerstoneproperties.com\/?page_id=8143"},"modified":"2026-01-05T16:22:00","modified_gmt":"2026-01-05T16:22:00","slug":"message-from-the-head-of-cornerstone-properties","status":"publish","type":"page","link":"https:\/\/the-cornerstoneproperties.com\/fr\/message-from-the-head-of-cornerstone-properties\/","title":{"rendered":"Message From The Head Of Cornerstone Properties"},"content":{"rendered":"<div data-elementor-type=\"wp-post\" data-elementor-id=\"8143\" class=\"elementor elementor-8143\" data-elementor-post-type=\"page\">\n\t\t\t\t\t\t<section class=\"elementor-section elementor-top-section elementor-element elementor-element-166e52b elementor-section-stretched elementor-section-boxed elementor-section-height-default elementor-section-height-default exad-glass-effect-no wpr-particle-no wpr-jarallax-no wpr-parallax-no wpr-sticky-section-no exad-sticky-section-no\" data-id=\"166e52b\" data-element_type=\"section\" data-e-type=\"section\" data-settings=\"{&quot;stretch_section&quot;:&quot;section-stretched&quot;,&quot;background_background&quot;:&quot;classic&quot;}\">\n\t\t\t\t\t\t<div class=\"elementor-container elementor-column-gap-extended\">\n\t\t\t\t\t<div class=\"elementor-column elementor-col-33 elementor-top-column elementor-element elementor-element-b49c95b apus-about-intro-photo elementor-hidden-desktop elementor-hidden-tablet exad-glass-effect-no exad-sticky-section-no\" data-id=\"b49c95b\" data-element_type=\"column\" data-e-type=\"column\" data-settings=\"{&quot;background_background&quot;:&quot;classic&quot;}\">\n\t\t\t<div class=\"elementor-widget-wrap elementor-element-populated\">\n\t\t\t\t\t\t<div class=\"elementor-element elementor-element-eeaf675 exad-sticky-section-no exad-glass-effect-no elementor-widget elementor-widget-image\" data-id=\"eeaf675\" data-element_type=\"widget\" data-e-type=\"widget\" data-widget_type=\"image.default\">\n\t\t\t\t<div class=\"elementor-widget-container\">\n\t\t\t\t\t\t\t\t\t\t\t\t\t\t\t<img fetchpriority=\"high\" decoding=\"async\" width=\"1200\" height=\"1500\" src=\"https:\/\/the-cornerstoneproperties.com\/wp-content\/uploads\/2025\/12\/head-of-properties.png\" class=\"attachment-full size-full wp-image-8202\" alt=\"\" srcset=\"https:\/\/the-cornerstoneproperties.com\/wp-content\/uploads\/2025\/12\/head-of-properties.png 1200w, https:\/\/the-cornerstoneproperties.com\/wp-content\/uploads\/2025\/12\/head-of-properties-240x300.png 240w, https:\/\/the-cornerstoneproperties.com\/wp-content\/uploads\/2025\/12\/head-of-properties-819x1024.png 819w, https:\/\/the-cornerstoneproperties.com\/wp-content\/uploads\/2025\/12\/head-of-properties-768x960.png 768w\" sizes=\"(max-width: 1200px) 100vw, 1200px\" \/>\t\t\t\t\t\t\t\t\t\t\t\t\t\t\t<\/div>\n\t\t\t\t<\/div>\n\t\t\t\t\t<\/div>\n\t\t<\/div>\n\t\t\t\t<div class=\"elementor-column elementor-col-33 elementor-top-column elementor-element elementor-element-7ab5ce8 margin-left-65 exad-glass-effect-no exad-sticky-section-no\" data-id=\"7ab5ce8\" data-element_type=\"column\" data-e-type=\"column\" data-settings=\"{&quot;background_background&quot;:&quot;classic&quot;}\">\n\t\t\t<div class=\"elementor-widget-wrap elementor-element-populated\">\n\t\t\t\t\t\t<div class=\"elementor-element elementor-element-31f0954 apus-heading-about exad-sticky-section-no exad-glass-effect-no elementor-widget elementor-widget-heading\" data-id=\"31f0954\" data-element_type=\"widget\" data-e-type=\"widget\" data-widget_type=\"heading.default\">\n\t\t\t\t<div class=\"elementor-widget-container\">\n\t\t\t\t\t<h2 class=\"elementor-heading-title elementor-size-default\">Message from the Head of <span class=\"text-theme\">Cornestone<\/span> Propri\u00e9t\u00e9s<\/h2>\t\t\t\t<\/div>\n\t\t\t\t<\/div>\n\t\t\t\t<div class=\"elementor-element elementor-element-eefb257 exad-sticky-section-no exad-glass-effect-no elementor-widget elementor-widget-heading\" data-id=\"eefb257\" data-element_type=\"widget\" data-e-type=\"widget\" data-widget_type=\"heading.default\">\n\t\t\t\t<div class=\"elementor-widget-container\">\n\t\t\t\t\t<p class=\"elementor-heading-title elementor-size-default\">Chez Cornerstone Properties, nous nous engageons \u00e0 fournir des solutions immobili\u00e8res exceptionnelles dans les domaines de la gestion immobili\u00e8re, des locations r\u00e9sidentielles et commerciales, et de la vente de propri\u00e9t\u00e9s. Notre philosophie est simple : chaque propri\u00e9t\u00e9 est une base de possibilit\u00e9s, qu'il s'agisse d'un lieu o\u00f9 \u00e9lire domicile, d'un espace pour d\u00e9velopper une entreprise ou d'un investissement pour l'avenir.<\/p>\t\t\t\t<\/div>\n\t\t\t\t<\/div>\n\t\t\t\t<div class=\"elementor-element elementor-element-c009dda exad-sticky-section-no exad-glass-effect-no elementor-widget elementor-widget-heading\" data-id=\"c009dda\" data-element_type=\"widget\" data-e-type=\"widget\" data-widget_type=\"heading.default\">\n\t\t\t\t<div class=\"elementor-widget-container\">\n\t\t\t\t\t<p class=\"elementor-heading-title elementor-size-default\">We are proud to have built a respected track record serving a diverse portfolio of clients, including individuals, government institutions, NGOs, and organizations across our wide professional network. One of our landmark achievements was serving as the main accommodation partner during the 15th OIC Conference held in The Gambia \u2014 a role that entrusted us with hosting presidents, prime ministers, and leading international delegates. This experience reflects the level of confidence placed in our capabilities and the high standards we uphold.<\/p>\t\t\t\t<\/div>\n\t\t\t\t<\/div>\n\t\t\t\t<div class=\"elementor-element elementor-element-37f237d exad-sticky-section-no exad-glass-effect-no elementor-widget elementor-widget-heading\" data-id=\"37f237d\" data-element_type=\"widget\" data-e-type=\"widget\" data-widget_type=\"heading.default\">\n\t\t\t\t<div class=\"elementor-widget-container\">\n\t\t\t\t\t<p class=\"elementor-heading-title elementor-size-default\">Our approach is rooted in professionalism, transparency, and genuine care for the people and properties we serve. We maintain every asset with keen attention to detail and provide our clients with personalized, reliable support \u2014 ensuring peace of mind and strong long-term value.<\/p>\t\t\t\t<\/div>\n\t\t\t\t<\/div>\n\t\t\t\t<div class=\"elementor-element elementor-element-c8e3244 exad-sticky-section-no exad-glass-effect-no elementor-widget elementor-widget-heading\" data-id=\"c8e3244\" data-element_type=\"widget\" data-e-type=\"widget\" data-widget_type=\"heading.default\">\n\t\t\t\t<div class=\"elementor-widget-container\">\n\t\t\t\t\t<p class=\"elementor-heading-title elementor-size-default\">As we continue to grow, Cornerstone Properties remains dedicated to shaping vibrant communities and delivering excellence \u2014 one property, one partnership, and one success story at a time.<\/p>\t\t\t\t<\/div>\n\t\t\t\t<\/div>\n\t\t\t\t\t<\/div>\n\t\t<\/div>\n\t\t\t\t<div class=\"elementor-column elementor-col-33 elementor-top-column elementor-element elementor-element-b8b93d1 apus-about-intro-photo elementor-hidden-mobile exad-glass-effect-no exad-sticky-section-no\" data-id=\"b8b93d1\" data-element_type=\"column\" data-e-type=\"column\" data-settings=\"{&quot;background_background&quot;:&quot;classic&quot;}\">\n\t\t\t<div class=\"elementor-widget-wrap\">\n\t\t\t\t\t\t\t<\/div>\n\t\t<\/div>\n\t\t\t\t\t<\/div>\n\t\t<\/section>\n\t\t\t\t<\/div>","protected":false},"excerpt":{"rendered":"<p>Message from the Head of Cornestone Properties At Cornerstone Properties, we are committed to delivering exceptional real estate solutions across property management, residential and commercial rentals, and property sales. Our belief is simple: every property is a foundation for possibility \u2014 whether it is a place to call home, a space to grow a business, or an investment for the future. We are proud to have built a respected track record serving a diverse portfolio of clients, including individuals, government institutions, NGOs, and organizations across our wide professional network. One of our landmark achievements was serving as the main accommodation partner during the 15th OIC Conference held in The Gambia \u2014 a role that entrusted us with hosting presidents, prime ministers, and leading international delegates. This experience reflects the level of confidence placed in our capabilities and the high standards we uphold. Our approach is rooted in professionalism, transparency, and genuine care for the people and properties we serve. We maintain every asset with keen attention to detail and provide our clients with personalized, reliable support \u2014 ensuring peace of mind and strong long-term value. As we continue to grow, Cornerstone Properties remains dedicated to shaping vibrant communities and delivering excellence \u2014 one property, one partnership, and one success story at a time.<\/p>","protected":false},"author":19,"featured_media":0,"parent":0,"menu_order":0,"comment_status":"closed","ping_status":"closed","template":"","meta":{"_eb_attr":"","footnotes":""},"class_list":["post-8143","page","type-page","status-publish","hentry"],"_links":{"self":[{"href":"https:\/\/the-cornerstoneproperties.com\/fr\/wp-json\/wp\/v2\/pages\/8143","targetHints":{"allow":["GET"]}}],"collection":[{"href":"https:\/\/the-cornerstoneproperties.com\/fr\/wp-json\/wp\/v2\/pages"}],"about":[{"href":"https:\/\/the-cornerstoneproperties.com\/fr\/wp-json\/wp\/v2\/types\/page"}],"author":[{"embeddable":true,"href":"https:\/\/the-cornerstoneproperties.com\/fr\/wp-json\/wp\/v2\/users\/19"}],"replies":[{"embeddable":true,"href":"https:\/\/the-cornerstoneproperties.com\/fr\/wp-json\/wp\/v2\/comments?post=8143"}],"version-history":[{"count":75,"href":"https:\/\/the-cornerstoneproperties.com\/fr\/wp-json\/wp\/v2\/pages\/8143\/revisions"}],"predecessor-version":[{"id":8335,"href":"https:\/\/the-cornerstoneproperties.com\/fr\/wp-json\/wp\/v2\/pages\/8143\/revisions\/8335"}],"wp:attachment":[{"href":"https:\/\/the-cornerstoneproperties.com\/fr\/wp-json\/wp\/v2\/media?parent=8143"}],"curies":[{"name":"wp","href":"https:\/\/api.w.org\/{rel}","templated":true}]}}